{"id":868,"date":"2020-03-05T08:37:42","date_gmt":"2020-03-05T08:37:42","guid":{"rendered":"http:\/\/arnaud-vincent.fr\/?page_id=868"},"modified":"2025-09-14T15:35:58","modified_gmt":"2025-09-14T15:35:58","slug":"consultations","status":"publish","type":"page","link":"https:\/\/arnaud-vincent.fr\/?page_id=868","title":{"rendered":"Consultations &#038; Contact"},"content":{"rendered":"<ul>\n<li><strong>Consultations en Haute Garonne pr\u00e8s de Toulouse: <\/strong><\/li>\n<\/ul>\n<p>Du lundi au vendredi sur\u00a0 rendez-vous au 2 place du Verdon 31770 Colomiers.<\/p>\n<p><strong><u>T\u00e9l\u00e9phone<\/u> :<\/strong> <strong>06 49 15 08 17<\/strong><\/p>\n<p>Acc\u00e8s par la sortie N\u00b04 sur la N124\u00a0 &#8211; p\u00e9riph\u00e9rique de Toulouse direction Auch.<\/p>\n<p>ATTENTION: Mon cabinet est difficilement accessible aux personnes en fauteuil roulant (non class\u00e9 ERP), \u00a0je propose au cas par cas de me d\u00e9placer au domicile du patient sur \u00a0les villes de COLOMIERS, l\u2019ISLE JOURDAIN, LEGUEVIN, BLAGNAC, TOURNEFEUILLE, La SALVETAT SAINT GILLES, St MARTIN du TOUCH.<\/p>\n<hr \/>\n<ul>\n<li><strong>Tarifs :<\/strong> 50Euros par s\u00e9ance individuelle de 45 minutes \u00a0(en dehors des conditions du dispositif pilote de prise en charge de la psychoth\u00e9rapie par l\u2019Assurance Maladie de la Haute-Garonne)<\/li>\n<li>Les s\u00e9ances chez un psychoth\u00e9rapeute ne\u00a0 sont pas rembours\u00e9es, cependant Les\u00a0mutuelles proposent des modalit\u00e9s de participation financi\u00e8re. Renseignez-vous aupr\u00e8s de votre assurance compl\u00e9mentaire. (Une facture sera \u00e9mise sur demande du patient).<\/li>\n<\/ul>\n<ul>\n<li><strong>Mode de paiement :<\/strong> ch\u00e8que, esp\u00e8ces.<\/li>\n<li><strong>Annulation : <\/strong>Le client s\u2019engage \u00e0 signaler toute annulation 48 heures \u00e0 l\u2019avance. \u00a0Toute absence non signal\u00e9e 48h avant le RDV \u00a0est factur\u00e9e.<\/li>\n<\/ul>\n","protected":false},"excerpt":{"rendered":"<p>Consultations en Haute Garonne pr\u00e8s de Toulouse: Du lundi au vendredi sur\u00a0 rendez-vous au 2 place du Verdon 31770 Colomiers. T\u00e9l\u00e9phone : 06 49 15 08 17 Acc\u00e8s par la sortie N\u00b04 sur la N124\u00a0 &#8211; p\u00e9riph\u00e9rique de Toulouse direction &hellip; <a href=\"https:\/\/arnaud-vincent.fr\/?page_id=868\">Continuer la lecture <span class=\"meta-nav\">&rarr;<\/span><\/a><\/p>\n","protected":false},"author":1,"featured_media":0,"parent":0,"menu_order":0,"comment_status":"closed","ping_status":"closed","template":"","meta":{"footnotes":""},"class_list":["post-868","page","type-page","status-publish","hentry"],"_links":{"self":[{"href":"https:\/\/arnaud-vincent.fr\/index.php?rest_route=\/wp\/v2\/pages\/868","targetHints":{"allow":["GET"]}}],"collection":[{"href":"https:\/\/arnaud-vincent.fr\/index.php?rest_route=\/wp\/v2\/pages"}],"about":[{"href":"https:\/\/arnaud-vincent.fr\/index.php?rest_route=\/wp\/v2\/types\/page"}],"author":[{"embeddable":true,"href":"https:\/\/arnaud-vincent.fr\/index.php?rest_route=\/wp\/v2\/users\/1"}],"replies":[{"embeddable":true,"href":"https:\/\/arnaud-vincent.fr\/index.php?rest_route=%2Fwp%2Fv2%2Fcomments&post=868"}],"version-history":[{"count":9,"href":"https:\/\/arnaud-vincent.fr\/index.php?rest_route=\/wp\/v2\/pages\/868\/revisions"}],"predecessor-version":[{"id":903,"href":"https:\/\/arnaud-vincent.fr\/index.php?rest_route=\/wp\/v2\/pages\/868\/revisions\/903"}],"wp:attachment":[{"href":"https:\/\/arnaud-vincent.fr\/index.php?rest_route=%2Fwp%2Fv2%2Fmedia&parent=868"}],"curies":[{"name":"wp","href":"https:\/\/api.w.org\/{rel}","templated":true}]}}