{"id":788,"date":"2020-02-24T16:26:15","date_gmt":"2020-02-24T16:26:15","guid":{"rendered":"http:\/\/arnaud-vincent.fr\/?page_id=788"},"modified":"2020-09-27T19:22:05","modified_gmt":"2020-09-27T19:22:05","slug":"deontologie","status":"publish","type":"page","link":"https:\/\/arnaud-vincent.fr\/?page_id=788","title":{"rendered":"D\u00e9ontologie"},"content":{"rendered":"<div id=\"id3\" class=\"style_SkipStroke_1 shape-with-text\">\n<div class=\"text-content graphic_textbox_layout_style_default_External_700_565\">\n<div class=\"graphic_textbox_layout_style_default\">\n<p class=\"paragraph_style_2\">J\u2019adh\u00e8re et me conforme au Code de D\u00e9ontologie suivant:<\/p>\n<p class=\"paragraph_style_2\"><span class=\"style\">1-Confidentialit\u00e9:<\/span> le psychoth\u00e9rapeute est tenu au secret professionnel et au respect de l&rsquo;anonymat. Cela concerne l&rsquo;identit\u00e9 des patients autant que le contenu des s\u00e9ances, \u00e9changes t\u00e9l\u00e9phoniques, correspondance e-mail etc.<\/p>\n<p class=\"paragraph_style_2\"><span class=\"style\">2-S\u00e9curit\u00e9:<\/span> dans le cadre d&rsquo;un rendez-vous chaque personne est accueillie sans jugement quant \u00e0 sa probl\u00e9matique, son identit\u00e9, son histoire, ses \u00e9motions etc. Un espace est cr\u00e9\u00e9 pour qu&rsquo;elle puisse aborder tout les sujets qu&rsquo;elle souhaite aborder, en \u00e9tant prot\u00e9g\u00e9e.<\/p>\n<p class=\"paragraph_style_2\"><span class=\"style\">3-Autonomie:<\/span> Le processus psychoth\u00e9rapique vise entre autres \u00e0 ce que la personne apprenne \u00e0 identifier et utiliser ses propres ressources. Cela implique que la fin de la psychoth\u00e9rapie est toujours propos\u00e9e par le patient, et qu\u2019elle est d\u00e9cid\u00e9e en accord avec le psychoth\u00e9rapeute.<\/p>\n<p class=\"paragraph_style_2\"><span class=\"style\">4-Changement:<\/span> la psychoth\u00e9rapie implique la recherche d&rsquo;un changement personnel. Le psychoth\u00e9rapeute est garant du cadre et du processus dans lequel est suscit\u00e9 ce changement.<\/p>\n<p class=\"paragraph_style_2\"><span class=\"style\">5-Formation:<\/span> le psychoth\u00e9rapeute a suivi les formations professionnelles n\u00e9cessaires \u00e0 l\u2019exercice de la psychoth\u00e9rapie. Il continue \u00e0 se former r\u00e9guli\u00e8rement pour enrichir ses comp\u00e9tences et son savoir-\u00eatre. De plus il a fait un travail th\u00e9rapeutique sur lui-m\u00eame qui lui permet d\u2019avoir une connaissance approfondie de soi.<\/p>\n<p class=\"paragraph_style_2\"><span class=\"style\">6-Analyse de pratique:<\/span> le psychoth\u00e9rapeute est r\u00e9guli\u00e8rement supervis\u00e9 dans sa pratique professionnelle par l&rsquo;un de ses pairs ayant une anciennet\u00e9 et une exp\u00e9rience significativement sup\u00e9rieure \u00e0 la sienne.<\/p>\n<\/div>\n<\/div>\n<\/div>\n","protected":false},"excerpt":{"rendered":"<p>J\u2019adh\u00e8re et me conforme au Code de D\u00e9ontologie suivant: 1-Confidentialit\u00e9: le psychoth\u00e9rapeute est tenu au secret professionnel et au respect de l&rsquo;anonymat. Cela concerne l&rsquo;identit\u00e9 des patients autant que le contenu des s\u00e9ances, \u00e9changes t\u00e9l\u00e9phoniques, correspondance e-mail etc. 2-S\u00e9curit\u00e9: dans &hellip; <a href=\"https:\/\/arnaud-vincent.fr\/?page_id=788\">Continuer la lecture <span class=\"meta-nav\">&rarr;<\/span><\/a><\/p>\n","protected":false},"author":1,"featured_media":0,"parent":0,"menu_order":0,"comment_status":"closed","ping_status":"closed","template":"","meta":{"footnotes":""},"class_list":["post-788","page","type-page","status-publish","hentry"],"_links":{"self":[{"href":"https:\/\/arnaud-vincent.fr\/index.php?rest_route=\/wp\/v2\/pages\/788","targetHints":{"allow":["GET"]}}],"collection":[{"href":"https:\/\/arnaud-vincent.fr\/index.php?rest_route=\/wp\/v2\/pages"}],"about":[{"href":"https:\/\/arnaud-vincent.fr\/index.php?rest_route=\/wp\/v2\/types\/page"}],"author":[{"embeddable":true,"href":"https:\/\/arnaud-vincent.fr\/index.php?rest_route=\/wp\/v2\/users\/1"}],"replies":[{"embeddable":true,"href":"https:\/\/arnaud-vincent.fr\/index.php?rest_route=%2Fwp%2Fv2%2Fcomments&post=788"}],"version-history":[{"count":3,"href":"https:\/\/arnaud-vincent.fr\/index.php?rest_route=\/wp\/v2\/pages\/788\/revisions"}],"predecessor-version":[{"id":802,"href":"https:\/\/arnaud-vincent.fr\/index.php?rest_route=\/wp\/v2\/pages\/788\/revisions\/802"}],"wp:attachment":[{"href":"https:\/\/arnaud-vincent.fr\/index.php?rest_route=%2Fwp%2Fv2%2Fmedia&parent=788"}],"curies":[{"name":"wp","href":"https:\/\/api.w.org\/{rel}","templated":true}]}}