{"id":732,"date":"2020-08-31T16:27:34","date_gmt":"2020-08-31T16:27:34","guid":{"rendered":"http:\/\/arnaud-vincent.fr\/?page_id=732"},"modified":"2020-09-27T19:24:25","modified_gmt":"2020-09-27T19:24:25","slug":"accueil","status":"publish","type":"page","link":"https:\/\/arnaud-vincent.fr\/?page_id=732","title":{"rendered":"Pr\u00e9sentation"},"content":{"rendered":"<p><a href=\"http:\/\/arnaud-vincent.fr\/wp-content\/uploads\/2016\/08\/photo_vincent-e1487951800607.jpg\"><img loading=\"lazy\" decoding=\"async\" class=\"wp-image-744 size-medium alignleft\" src=\"http:\/\/arnaud-vincent.fr\/wp-content\/uploads\/2016\/08\/photo_vincent-e1487951800607-266x300.jpg\" width=\"266\" height=\"300\" srcset=\"https:\/\/arnaud-vincent.fr\/wp-content\/uploads\/2016\/08\/photo_vincent-e1487951800607-266x300.jpg 266w, https:\/\/arnaud-vincent.fr\/wp-content\/uploads\/2016\/08\/photo_vincent-e1487951800607-768x865.jpg 768w, https:\/\/arnaud-vincent.fr\/wp-content\/uploads\/2016\/08\/photo_vincent-e1487951800607-909x1024.jpg 909w, https:\/\/arnaud-vincent.fr\/wp-content\/uploads\/2016\/08\/photo_vincent-e1487951800607.jpg 1468w\" sizes=\"auto, (max-width: 266px) 100vw, 266px\" \/><\/a><\/p>\r\n<p>N\u00e9 en 1974 dans le sud ouest de la France, je d\u00e9bute ma carri\u00e8re professionnelle en tant qu\u2019Ing\u00e9nieur dans le domaine de l\u2019ing\u00e9nierie A\u00e9ronautique et spatiale. Ma passion des sciences, ma soif d\u2019apprendre, mon int\u00e9r\u00eat pour l\u2019humain et sa condition, font que je m\u2019oriente d\u00e8s le d\u00e9but de carri\u00e8re vers d\u2019autres savoirs, d\u2019autres apprentissages: les sciences molles que sont la psychologie, les pratiques psycho-corporelles, la philosophie.<\/p>\r\n<p>Ce cheminement a d\u00e9but\u00e9 par une th\u00e9rapie individuelle approfondie, suivi d\u2019un cycle de formation aupr\u00e8s de l\u2019Ecole Parisienne de Gestalt (EPG). La Gestalt Th\u00e9orie est une actualisation (dans le present) des concepts psychanalytiques: une \u00e9coute et une analyse de ce qui se passe \u00e0 la fronti\u00e8re \u00ab soi &#8211; autre \u00bb, dans l\u2019ici et maintenant de la relation th\u00e9rapeutique.<\/p>\r\n<p>La formation re\u00e7ue \u00e0 l\u2019EPG ouvrait en moi alors un int\u00e9r\u00eat du cot\u00e9 de la psychanalyse, fondements conceptuels sur lesquels la Gestalt s\u2019est vu naitre &#8230; curiosit\u00e9 que \u00a0j\u2019allais nourrir plusieurs ann\u00e9es durant en tant que membre du Coll\u00e8ge Clinique Psychanalytique du Sud Ouest (CCPSO- forums du champ lacanien), ainsi qu\u2019en \u00e9tudiant pour l\u2019obtention du\u00a0Dipl\u00f4me Universitaire de \u00abFormation Psychanalytique de Psychoth\u00e9rapeute\u00bb \u00e0 l&rsquo;universit\u00e9 Paul Val\u00e9ry (accr\u00e9ditation par L\u2019agence R\u00e9gionale de Sant\u00e9 N\u00b0ADELI 310005574). \u00a0<\/p>\r\n<p>Je me forme \u00a0aussi en parall\u00e8le \u00e0 d\u2019autres approches, dites de la mouvance TCC (Th\u00e9rapie Comportementale et Cognitive), dont l\u2019Hypnose Ericksonienne est la pierre angulaire (Society of NLP et IMHETO &#8211; Institut Milton Erickson Toulouse), ainsi la psychologie Mim\u00e9tique (th\u00e9orie Mim\u00e9tique de JM Ougourhlian).<\/p>\r\n<p>Afin d\u2019articuler tous ces corpus th\u00e9oriques, je me forme par ailleurs \u00e0 la psychopathologie clinique, et \u00e0 la psychoth\u00e9rapie int\u00e9grative et multi-r\u00e9f\u00e9rentielle orient\u00e9 par le diagnostic (Emetanalyse &#8211; B.Dal Palu). \u00a0<\/p>\r\n\r\n<p>&nbsp;<\/p>\r\n","protected":false},"excerpt":{"rendered":"<p>N\u00e9 en 1974 dans le sud ouest de la France, je d\u00e9bute ma carri\u00e8re professionnelle en tant qu\u2019Ing\u00e9nieur dans le domaine de l\u2019ing\u00e9nierie A\u00e9ronautique et spatiale. Ma passion des sciences, ma soif d\u2019apprendre, mon int\u00e9r\u00eat pour l\u2019humain et sa condition, &hellip; <a href=\"https:\/\/arnaud-vincent.fr\/?page_id=732\">Continuer la lecture <span class=\"meta-nav\">&rarr;<\/span><\/a><\/p>\n","protected":false},"author":1,"featured_media":0,"parent":0,"menu_order":0,"comment_status":"closed","ping_status":"closed","template":"","meta":{"footnotes":""},"class_list":["post-732","page","type-page","status-publish","hentry"],"_links":{"self":[{"href":"https:\/\/arnaud-vincent.fr\/index.php?rest_route=\/wp\/v2\/pages\/732","targetHints":{"allow":["GET"]}}],"collection":[{"href":"https:\/\/arnaud-vincent.fr\/index.php?rest_route=\/wp\/v2\/pages"}],"about":[{"href":"https:\/\/arnaud-vincent.fr\/index.php?rest_route=\/wp\/v2\/types\/page"}],"author":[{"embeddable":true,"href":"https:\/\/arnaud-vincent.fr\/index.php?rest_route=\/wp\/v2\/users\/1"}],"replies":[{"embeddable":true,"href":"https:\/\/arnaud-vincent.fr\/index.php?rest_route=%2Fwp%2Fv2%2Fcomments&post=732"}],"version-history":[{"count":47,"href":"https:\/\/arnaud-vincent.fr\/index.php?rest_route=\/wp\/v2\/pages\/732\/revisions"}],"predecessor-version":[{"id":885,"href":"https:\/\/arnaud-vincent.fr\/index.php?rest_route=\/wp\/v2\/pages\/732\/revisions\/885"}],"wp:attachment":[{"href":"https:\/\/arnaud-vincent.fr\/index.php?rest_route=%2Fwp%2Fv2%2Fmedia&parent=732"}],"curies":[{"name":"wp","href":"https:\/\/api.w.org\/{rel}","templated":true}]}}