{"id":718,"date":"2020-08-31T12:51:06","date_gmt":"2020-08-31T12:51:06","guid":{"rendered":"http:\/\/arnaud-vincent.fr\/?page_id=718"},"modified":"2020-09-27T19:23:36","modified_gmt":"2020-09-27T19:23:36","slug":"conseil-rh-coaching","status":"publish","type":"page","link":"https:\/\/arnaud-vincent.fr\/?page_id=718","title":{"rendered":"Facilitation \u2013 Coaching"},"content":{"rendered":"<p>Toute approche de coaching ou de facilitation tente de r\u00e9pondre \u00e0 la m\u00eame question : comment une organisation peut-elle devenir plus efficace en passant par le d\u00e9veloppement personnel de ses dirigeants, de ses managers et de ses salari\u00e9s ?\u00a0 Le processus de coaching consiste donc \u00e0 accompagner un sujet ou un groupe en vue de lui permettre de mobiliser et de d\u00e9velopper les ressources latentes pour r\u00e9pondre au mieux aux besoins de l&rsquo;organisation. L&rsquo;approche \u00ab\u00a0Int\u00e9grative\u00a0\u00bb permet de travailler au cas par cas sur les limites \u00e9motionnelles, culturelles, comportementales, tout autant que sur les dynamiques inh\u00e9rentes au syst\u00e8me. Le contrat est \u00e9tabli de fa\u00e7on sp\u00e9cifique en proposant un travail autour des th\u00e9matiques suivantes:<\/p>\n<ul>\n<li>D\u00e9veloppement de l&rsquo;intelligence collective:\n<ul>\n<li>d\u00e9velopper une posture de facilitateur (mod\u00e8les mentaux \/ l&rsquo;intelligence \u00e9motionnelle &amp; somatique\/ l&rsquo;\u00e9chelle d&rsquo;inf\u00e9rence&#8230;)<\/li>\n<li>Construire une vision partag\u00e9e (VP \/ niveaux logiques \/ la th\u00e9orie U&#8230;)<\/li>\n<li>D\u00e9velopper la dynamique d&rsquo;\u00e9quipe (feedbacks\/r\u00e9seaux apprenants&#8230;)<\/li>\n<li>facilitation de groupes (le r\u00f4le \/ l&rsquo;espace \/ check in \/ diagnostic collectif vivant&#8230;)<\/li>\n<li>le travail collaboratif (design thinking \/ open innovation \/ espaces collaboratifs&#8230;)<\/li>\n<li>les modes de gouvernance (agile \/ sociocratie \/ sophrocratie &#8230;)<\/li>\n<\/ul>\n<\/li>\n<li>l&rsquo;accompagnement lors d&rsquo;un changement professionnel\u00a0: changement de poste, promotion, restructuration, etc.<\/li>\n<li>la r\u00e9solution de probl\u00e8mes de communication au sein de l&rsquo;entreprise<\/li>\n<li>l&rsquo;am\u00e9lioration de la performance individuelle:\n<ul>\n<li>strat\u00e9gies cognitives et traitement des informations<\/li>\n<li>l&rsquo;intelligence \u00e9motionnelle<\/li>\n<li>processus d\u00e9cisionnel<\/li>\n<li>analyse des dynamiques syst\u00e9miques<\/li>\n<\/ul>\n<\/li>\n<li>la r\u00e9solution de probl\u00e8mes relationnels<\/li>\n<li>l&rsquo;atteinte d&rsquo;objectifs professionnels<\/li>\n<li>le conflit comme occasion de construire<\/li>\n<li>etc.<\/li>\n<\/ul>\n<p>Le coaching ou la facilitation sont orient\u00e9s vers la solution, il ne s&rsquo;agit donc pas d&rsquo;un accompagnement th\u00e9rapeutique: Le coach aide \u00e0 r\u00e9soudre des difficult\u00e9s professionnelles, mais ne cherchera pas \u00e0 d\u00e9couvrir la cause de ces probl\u00e8mes dans l&rsquo;histoire personnelle du coach\u00e9.<\/p>\n<p>Les tarifs sont \u00e9tablis sur Devis au cas par cas \u00e0 partir de la demande \u00e9mise par le client.<\/p>\n<p>&nbsp;<\/p>\n<p>&nbsp;<\/p>\n<p>&nbsp;<\/p>\n","protected":false},"excerpt":{"rendered":"<p>Toute approche de coaching ou de facilitation tente de r\u00e9pondre \u00e0 la m\u00eame question : comment une organisation peut-elle devenir plus efficace en passant par le d\u00e9veloppement personnel de ses dirigeants, de ses managers et de ses salari\u00e9s ?\u00a0 Le &hellip; <a href=\"https:\/\/arnaud-vincent.fr\/?page_id=718\">Continuer la lecture <span class=\"meta-nav\">&rarr;<\/span><\/a><\/p>\n","protected":false},"author":1,"featured_media":0,"parent":0,"menu_order":0,"comment_status":"closed","ping_status":"closed","template":"","meta":{"footnotes":""},"class_list":["post-718","page","type-page","status-publish","hentry"],"_links":{"self":[{"href":"https:\/\/arnaud-vincent.fr\/index.php?rest_route=\/wp\/v2\/pages\/718","targetHints":{"allow":["GET"]}}],"collection":[{"href":"https:\/\/arnaud-vincent.fr\/index.php?rest_route=\/wp\/v2\/pages"}],"about":[{"href":"https:\/\/arnaud-vincent.fr\/index.php?rest_route=\/wp\/v2\/types\/page"}],"author":[{"embeddable":true,"href":"https:\/\/arnaud-vincent.fr\/index.php?rest_route=\/wp\/v2\/users\/1"}],"replies":[{"embeddable":true,"href":"https:\/\/arnaud-vincent.fr\/index.php?rest_route=%2Fwp%2Fv2%2Fcomments&post=718"}],"version-history":[{"count":21,"href":"https:\/\/arnaud-vincent.fr\/index.php?rest_route=\/wp\/v2\/pages\/718\/revisions"}],"predecessor-version":[{"id":889,"href":"https:\/\/arnaud-vincent.fr\/index.php?rest_route=\/wp\/v2\/pages\/718\/revisions\/889"}],"wp:attachment":[{"href":"https:\/\/arnaud-vincent.fr\/index.php?rest_route=%2Fwp%2Fv2%2Fmedia&parent=718"}],"curies":[{"name":"wp","href":"https:\/\/api.w.org\/{rel}","templated":true}]}}