{"id":28,"date":"2020-08-26T20:11:01","date_gmt":"2020-08-26T20:11:01","guid":{"rendered":"http:\/\/arnaud-vincent.fr\/?page_id=28"},"modified":"2020-12-29T17:35:50","modified_gmt":"2020-12-29T17:35:50","slug":"contacts","status":"publish","type":"page","link":"https:\/\/arnaud-vincent.fr\/","title":{"rendered":"Psychoth\u00e9rapie &#038; Hypnoth\u00e9rapie"},"content":{"rendered":"<h4>Mr ARNAUD Vincent<\/h4>\n<p>Je suis <b>Psychoth\u00e9rapeute<\/b> agr\u00e9\u00e9 par l&rsquo;Agence R\u00e9gionale de Sant\u00e9 (N\u00b0ADELI 310005574) \u00a0et <strong>H<\/strong><b>ypnoth\u00e9rapeute<\/b>, membre certifi\u00e9 de la f\u00e9d\u00e9ration nationale\u00a0 <a href=\"https:\/\/www.psy-en-mouvement.fr\/Annuaire-Fiche-Psy.php?no=1423\">Psy en Mouvement<\/a> et vice pr\u00e9sident de la Conf\u00e9d\u00e9ration Nationale des Psychanalystes (<a href=\"http:\/\/www.cfdpsy.com\/\">CFDP<\/a>). J\u2019adh\u00e8re au <a href=\"http:\/\/arnaud-vincent.fr\/wp-admin\/post.php?post=788&amp;action=edit\">code de d\u00e9ontologie<\/a> de cette f\u00e9d\u00e9ration et m\u2019engage \u00e0 le respecter.<\/p>\n<p>L&rsquo;accompagnement que je propose va \u00eatre un soutien aidant \u00e0 cheminer vers ses propres solutions et faire face aux difficult\u00e9s rencontr\u00e9es, comme par exemple\u00a0traiter l&rsquo;ANXIETE et la D\u00c9PRESSION, BURN OUT, \u00a0travailler la CONFIANCE EN SOI, rompre avec les D\u00c9PENDANCES (tabac \/ cannabis \/ nourriture \/ jeu &#8230;), en finir avec les INSOMNIES, les PHOBIES, les T.O.C, ou accompagner une probl\u00e9matique autour de la sexualit\u00e9, faire face \u00e0 des PROBL\u00c8MES RELATIONNELS (couple \/ guidance parentale&#8230;).<\/p>\n<p>Je propose aussi un accompagnement sp\u00e9cifiquement adapt\u00e9 aux personnes ayant un fonctionnement \u00e0\u00a0<u>Haut Potentiel Intellectuel<\/u>.<\/p>\n<p>Par ailleurs, j\u2019enseigne la pratique de l\u2019AUTOHYPNOSE aupr\u00e8s de personnes souffrant de DOULEURS CHRONIQUES, ou devant faire un parcours de r\u00e9-\u00e9ducation fonctionnelle p\u00e9nible: l\u2019apprentissage de l\u2019auto-hypnose permet un meilleur contr\u00f4le \u00a0de l\u2019intensit\u00e9 de la douleur, et une r\u00e9duction tr\u00e8s significative des \u00e9motions (anxi\u00e9t\u00e9 \/ ruminations \/ d\u00e9tresse) que celles ci g\u00e9n\u00e8rent. L\u2019HYPNOSE permet alors au patient de contacter ses propres ressources physiologiques et ainsi devenir actif dans la prise en charge de son trouble d\u00e8s qu\u2019il en ressent le besoin.<\/p>\n<p>Ma particularit\u00e9? L&rsquo;accompagnement \u00ab multi r\u00e9f\u00e9rentiel et int\u00e9gratif \u00bb que je propose permet d&rsquo;orienter strat\u00e9giquement l&rsquo;axe th\u00e9rapeutique au plus pr\u00e8s des besoins de chacun: utiliser le bon outil au bon moment !<\/p>\n<p>&nbsp;<\/p>\n","protected":false},"excerpt":{"rendered":"<p>Mr ARNAUD Vincent Je suis Psychoth\u00e9rapeute agr\u00e9\u00e9 par l&rsquo;Agence R\u00e9gionale de Sant\u00e9 (N\u00b0ADELI 310005574) \u00a0et Hypnoth\u00e9rapeute, membre certifi\u00e9 de la f\u00e9d\u00e9ration nationale\u00a0 Psy en Mouvement et vice pr\u00e9sident de la Conf\u00e9d\u00e9ration Nationale des Psychanalystes (CFDP). J\u2019adh\u00e8re au code de d\u00e9ontologie &hellip; <a href=\"https:\/\/arnaud-vincent.fr\/\">Continuer la lecture <span class=\"meta-nav\">&rarr;<\/span><\/a><\/p>\n","protected":false},"author":1,"featured_media":0,"parent":0,"menu_order":0,"comment_status":"open","ping_status":"open","template":"","meta":{"footnotes":""},"class_list":["post-28","page","type-page","status-publish","hentry"],"_links":{"self":[{"href":"https:\/\/arnaud-vincent.fr\/index.php?rest_route=\/wp\/v2\/pages\/28","targetHints":{"allow":["GET"]}}],"collection":[{"href":"https:\/\/arnaud-vincent.fr\/index.php?rest_route=\/wp\/v2\/pages"}],"about":[{"href":"https:\/\/arnaud-vincent.fr\/index.php?rest_route=\/wp\/v2\/types\/page"}],"author":[{"embeddable":true,"href":"https:\/\/arnaud-vincent.fr\/index.php?rest_route=\/wp\/v2\/users\/1"}],"replies":[{"embeddable":true,"href":"https:\/\/arnaud-vincent.fr\/index.php?rest_route=%2Fwp%2Fv2%2Fcomments&post=28"}],"version-history":[{"count":120,"href":"https:\/\/arnaud-vincent.fr\/index.php?rest_route=\/wp\/v2\/pages\/28\/revisions"}],"predecessor-version":[{"id":855,"href":"https:\/\/arnaud-vincent.fr\/index.php?rest_route=\/wp\/v2\/pages\/28\/revisions\/855"}],"wp:attachment":[{"href":"https:\/\/arnaud-vincent.fr\/index.php?rest_route=%2Fwp%2Fv2%2Fmedia&parent=28"}],"curies":[{"name":"wp","href":"https:\/\/api.w.org\/{rel}","templated":true}]}}